{"id":4157,"date":"2024-01-16T11:41:51","date_gmt":"2024-01-16T11:41:51","guid":{"rendered":"https:\/\/portfolio.henriquevalente.com\/?page_id=4157"},"modified":"2024-01-31T17:44:25","modified_gmt":"2024-01-31T17:44:25","slug":"info","status":"publish","type":"page","link":"https:\/\/portfolio.henriquevalente.com\/en\/info\/","title":{"rendered":"Info"},"content":{"rendered":"<div class=\"bm-builder clearfix\"><div id=\"\" class=\"module col-8 module-id-1705405146263 bm-wrap row-top row-left bm-wrap-height-auto col-offset-2\" data-module-col=\"8\" data-change-color=\"off\" data-backcolor=\"transparent\" data-frontcolor=\"\" data-logocolor=\"\" data-goto-top=\"off\" data-goto-top-spacing=\"0\" data-groupsameheight=\"off\"><div class=\"module-inside group-inside\" style=\"--top-mod: 120px;--bottom-mod: 40px;--top-mod-m:80px;--bottom-mod-m:30px;\"><div id=\"\" class=\"module col-4 module-id-1705405146394 col-offset-0\" data-module-col=\"4\"><div class=\"module-inside text-inside\" style=\"--top-mod: 0px;--bottom-mod: 20px;--top-mod-m:0px;--bottom-mod-m:20px;\"><div class=\"text_block_out\"  data-effect=\"standard\"><div class=\"text_block ux-mod-nobg\"><div class=\"text_block_inn\"><div class=\"text_block_centered text_block_centered_enable_width\"  style=\"\"><p><span class=\"sea-font-m-20px\" style=\"font-size: 22px; line-height: 1.4;\">Graduated in Communication Design by the University of Porto, College of Fine-Arts, he lives and works in Porto, Portugal. Having worked for several communication agencies, he developed work in various business areas. Reserved and calm, he is only restless in the long relationship he maintains with his own creativity. Passionate about calligraphy, he cultivates a particular interest in editorial design and typography. This portfolio presents a selection of projects and works.<\/span><\/p>\n<p>&nbsp;<\/p><\/div><\/div><\/div><\/div><\/div><\/div><div id=\"\" class=\"module col-2 module-id-1705405146467 col-offset-1\" data-module-col=\"2\"><div class=\"module-inside text-inside\" style=\"--top-mod: 0px;--bottom-mod: 0px;--top-mod-m:0px;--bottom-mod-m:0px;\"><div class=\"text_block_out\"  data-effect=\"standard\"><div class=\"text_block ux-mod-nobg\"><div class=\"text_block_inn\"><div class=\"text_block_centered text_block_centered_enable_width\"  style=\"\"><p><span class=\"sea-font-m-20px\" style=\"font-family: ux-font-1700051981742; font-size: 36px; line-height: 1.4; letter-spacing: 0px;\">Contacts<\/span><\/p>\n<p>\u2014<\/p>\n<p>&nbsp;<\/p>\n<p><span class=\"sea-font-m-20px\" style=\"font-size: 22px; line-height: 1.4; letter-spacing: 0.5px;\"><a href=\"mailto:info@henriquevalente.com\" target=\"_blank\" rel=\"noopener\">info@henriquevalente.com<\/a><\/span><\/p>\n<p><span class=\"sea-font-m-20px\" style=\"font-size: 22px; line-height: 1.4; letter-spacing: 0.5px;\">(+351) 914 361 717<\/span><\/p>\n<p>&nbsp;<\/p>\n<p><span class=\"sea-font-m-20px\" style=\"font-size: 22px; line-height: 1.4; letter-spacing: 0.5px;\"><a href=\"https:\/\/www.instagram.com\/kikovalente\/\" target=\"_blank\" rel=\"noopener\">Instagram<\/a><\/span><\/p>\n<p><span class=\"sea-font-m-20px\" style=\"font-size: 22px; line-height: 1.4; letter-spacing: 0.5px;\"><a href=\"http:\/\/www.linkedin.com\/in\/henriquevalente1\" target=\"_blank\" rel=\"noopener\">LinkedIn<\/a><\/span><\/p>\n<p><span class=\"sea-font-m-20px\" style=\"font-size: 22px; line-height: 1.4; letter-spacing: 0.5px;\"><a href=\"https:\/\/www.facebook.com\/Calligraphy.Lettering.Design\" target=\"_blank\" rel=\"noopener\">Facebook<\/a><\/span><\/p>\n<p><span class=\"sea-font-m-20px\" style=\"font-size: 22px; line-height: 1.4; letter-spacing: 0.5px;\"><a href=\"https:\/\/www.behance.net\/HenriqueValente\" target=\"_blank\" rel=\"noopener\">Behance<\/a><\/span><\/p><\/div><\/div><\/div><\/div><\/div><\/div><div id=\"\" class=\"module col-12 module-id-1705407107356\" data-module-col=\"12\"><div class=\"module-inside text-inside module-line module-top-line\" style=\"--line-border: 1px; --line-color: #ffffff; --line-spacing: 8px; --line-spacing-m: 8px; --top-mod: 60px;--bottom-mod: 0px;--top-mod-m:50px;--bottom-mod-m:0px;\"><div class=\"text_block_out\"  data-effect=\"standard\"><div class=\"text_block ux-mod-nobg\"><div class=\"text_block_inn\"><div class=\"text_block_centered text_block_centered_enable_width\"  style=\"\"><p><span class=\"sea-font-m-20px\" style=\"font-size: 22px; letter-spacing: 0.5px;\"><span style=\"font-family: ux-font-1700132187101;\">Contact form<\/span><br><\/span><\/p><\/div><\/div><\/div><\/div><\/div><\/div><div id=\"\" class=\"module col-12 module-id-1705407264589\" data-module-col=\"12\"><div class=\"module-inside contact-form-inside\" style=\"--top-mod: 80px;--bottom-mod: 40px;--top-mod-m:40px;--bottom-mod-m:0px;\"><div class=\"contactform ux-mod-nobg\" ><form action=\"\/en\/wp-json\/wp\/v2\/pages\/4157\" id=\"contact-form\" class=\"contact_form\" method=\"POST\" data-trp-original-action=\"\/en\/wp-json\/wp\/v2\/pages\/4157\"><div class=\"contactform-input\"><input type=\"text\" id=\"idi_name\" name=\"idi_name\" class=\"requiredField\" placeholder=\"Name\" value=\"\" \/><\/div><div class=\"contactform-input\"><input type=\"text\" id=\"idi_mail\" name=\"idi_mail\" class=\"requiredField email\" placeholder=\"E-mail\" value=\"\" \/><\/div><div><textarea rows=\"4\" name=\"idi_text\" id=\"idi_text\" cols=\"4\" class=\"requiredField inputError\" placeholder=\"Message\" ><\/textarea><\/div><input type=\"hidden\" class=\"info-tip\" value=\"send\" name=\"contact_form\" data-message=\"A sua mensagem foi enviada com sucesso!\" data-sending=\"A enviar\" \/><div class=\"btnarea\"><input type=\"submit\" class=\"idi_send\" name=\"idi_send\" value=\"Send\" \/><\/div><input type=\"hidden\" name=\"trp-form-language\" value=\"en\"\/><\/form><\/div><\/div><\/div><div id=\"\" class=\"module col-10 module-id-1705407482977\" data-module-col=\"10\"><div class=\"module-inside text-inside\" style=\"--top-mod: 80px;--bottom-mod: 60px;--top-mod-m:60px;--bottom-mod-m:10px;\"><div class=\"text_block_out\"  data-effect=\"standard\"><div class=\"text_block ux-mod-nobg\"><div class=\"text_block_inn\"><div class=\"text_block_centered text_block_centered_enable_width\"  style=\"\"><p><span class=\"sea-font-m-16px\"><span style=\"font-size: 22px; letter-spacing: 0.5px; line-height: 1.4;\">\u00a92026 Henrique Valente. Todos os direitos reservados. Todos os conte\u00fados s\u00e3o propriedade do autor ou dos respectivos donos. Qualquer redistribui\u00e7\u00e3o ou reprodu\u00e7\u00e3o de parte ou de todo o conte\u00fado, sob qualquer forma, \u00e9 proibida. Fotografia e web development por Henrique Valente.<\/span><span style=\"font-size: 22px; letter-spacing: 0.5px; line-height: 1.4;\"><br><\/span><\/span><\/p><\/div><\/div><\/div><\/div><\/div><\/div><\/div><\/div><\/div>","protected":false},"excerpt":{"rendered":"<p>Designer de Comunica\u00e7\u00e3o da FBAUP por forma\u00e7\u00e3o, vive e trabalha &hellip;<\/p>","protected":false},"author":1,"featured_media":0,"parent":0,"menu_order":0,"comment_status":"closed","ping_status":"closed","template":"","meta":{"inline_featured_image":false,"footnotes":""},"class_list":["post-4157","page","type-page","status-publish","hentry"],"_links":{"self":[{"href":"https:\/\/portfolio.henriquevalente.com\/en\/wp-json\/wp\/v2\/pages\/4157","targetHints":{"allow":["GET"]}}],"collection":[{"href":"https:\/\/portfolio.henriquevalente.com\/en\/wp-json\/wp\/v2\/pages"}],"about":[{"href":"https:\/\/portfolio.henriquevalente.com\/en\/wp-json\/wp\/v2\/types\/page"}],"author":[{"embeddable":true,"href":"https:\/\/portfolio.henriquevalente.com\/en\/wp-json\/wp\/v2\/users\/1"}],"replies":[{"embeddable":true,"href":"https:\/\/portfolio.henriquevalente.com\/en\/wp-json\/wp\/v2\/comments?post=4157"}],"version-history":[{"count":4,"href":"https:\/\/portfolio.henriquevalente.com\/en\/wp-json\/wp\/v2\/pages\/4157\/revisions"}],"predecessor-version":[{"id":4194,"href":"https:\/\/portfolio.henriquevalente.com\/en\/wp-json\/wp\/v2\/pages\/4157\/revisions\/4194"}],"wp:attachment":[{"href":"https:\/\/portfolio.henriquevalente.com\/en\/wp-json\/wp\/v2\/media?parent=4157"}],"curies":[{"name":"wp","href":"https:\/\/api.w.org\/{rel}","templated":true}]}}